{"id":2285,"date":"2023-12-08T10:54:01","date_gmt":"2023-12-08T01:54:01","guid":{"rendered":"https:\/\/iictokyo.esteri.it\/?page_id=2285"},"modified":"2023-12-08T10:54:01","modified_gmt":"2023-12-08T01:54:01","slug":"informativa-privacy","status":"publish","type":"page","link":"https:\/\/iictokyo.esteri.it\/it\/chi-siamo\/contatti\/informativa-privacy\/","title":{"rendered":"Informativa privacy"},"content":{"rendered":"<p style=\"text-align: center;\"><strong>Informativa sulla protezione delle persone fisiche <\/strong><strong>con riguardo al trattamento dei dati personali <\/strong><strong>(Regolamento Generale sulla Protezione dei Dati (UE) 2016\/679, art. 13)<\/strong><\/p>\n<p>Il trattamento dei dati personali chiesti per la registrazione come utente presso l\u2019Istituto Italiano di Cultura di Tokyo sar\u00e0 improntato ai principi di liceit\u00e0, correttezza e trasparenza a tutela dei diritti e delle libert\u00e0 fondamentali delle persone fisiche.<\/p>\n<p>A tal fine, si forniscono le seguenti informazioni:<\/p>\n<ol>\n<li>Il titolare del trattamento \u00e8 il Ministero degli Affari Esteri e della Cooperazione internazionale (MAECI) della Repubblica italiana il quale opera, nel caso specifico, per il tramite dell\u2019Istituto Italiano di Cultura di Tokyo, con sede in 2-1-30, Kudan Minami, Chiyoda-ku, Tokyo, telefono: 0081 03 3264 6011, mail: <a href=\"mailto:iictokyo@esteri.it\">iictokyo@esteri.it<\/a>.<\/li>\n<li>Per eventuali quesiti o reclami, l\u2019interessato pu\u00f2 contattare il Responsabile della Protezione dei Dati personali (RPD) del MAECI (indirizzo postale: Ministero degli Affari Esteri e della Cooperazione internazionale, Piazzale della Farnesina 1, 00135 ROMA, telefono: 0039 06 36911 (centralino), mail: <a href=\"mailto:rpd@esteri.it\">rpd@esteri.it<\/a>; pec: <a href=\"mailto:rpd@cert.esteri.it\">rpd@cert.esteri.it<\/a>).<\/li>\n<li>I dati personali raccolti verranno inseriti in una banca dati utilizzata per le seguenti finalit\u00e0: invito agli eventi culturali organizzati dall\u2019IIC, diffusione di un notiziario culturale, promozione dei corsi di lingua italiana, utilizzo della biblioteca, ecc.<\/li>\n<li>Il trattamento dei dati immessi nella banca dati \u00e8 basato sul consenso. Rifiutare di conferire i propri dati impedisce l\u2019accesso al servizio.<\/li>\n<li>Il trattamento dei dati, svolto da personale appositamente incaricato dell\u2019IIC e dalla Compagnia Brevo, viene effettuato in modalit\u00e0 mista. (informativa sulla privacy della ditta Brevo disponibile a <a href=\"https:\/\/www.brevo.com\/it\/gdpr\/\"><strong>questo indirizzo<\/strong><\/a>).<\/li>\n<li>I dati forniti dall\u2019interessato in fase di registrazione verranno trattati dal titolare e\/o dal responsabile del trattamento, e non saranno diramati a soggetti terzi.<\/li>\n<li>Ogni 5 anni dalla registrazione o dal suo rinnovo, l\u2019Istituto chieder\u00e0 agli utenti conferma telematica del loro interesse al servizio e provveder\u00e0 a cancellare i dati personali di coloro che non dovessero fornirla, per mancata risposta o per diniego espresso.<\/li>\n<li>L\u2019interessato pu\u00f2 chiedere l\u2019accesso ai propri dati personali e la loro rettifica. Fatte salve le conseguenze sull\u2019accesso al servizio, egli pu\u00f2 altres\u00ec chiedere la cancellazione di tali dati, nonch\u00e9 la limitazione del trattamento o l\u2019opposizione al loro trattamento. In questi casi, l\u2019interessato dovr\u00e0 presentare apposita richiesta all\u2019Istituto Italiano di Cultura di Tokyo, informando per conoscenza l\u2019RPD del MAECI.<\/li>\n<li>Se ritiene che i suoi diritti siano stati violati, l\u2019interessato pu\u00f2 presentare un reclamo all\u2019RPD del MAECI. In alternativa, pu\u00f2 rivolgersi al Garante italiano per la Protezione dei Dati personali (Piazza di Montecitorio 121, 00186 ROMA, tel. 0039-06696771 (centralino), mail: <a href=\"mailto:garante@gpdp.it\">garante@gpdp.it<\/a>, pec: <a href=\"mailto:protocollo@pec.gpdp.it\">protocollo@pec.gpdp.it<\/a>).<\/li>\n<\/ol>\n<p>Nel dichiarare di aver letto la presente informativa, l\u2019interessato fornisce il suo consenso al trattamento dei propri dati personali per le finalit\u00e0 sopra indicate.<\/p>\n","protected":false},"excerpt":{"rendered":"Informativa sulla protezione delle persone fisiche con riguardo al trattamento dei dati personali (Regolamento Generale sulla Protezione dei Dati (UE) 2016\/679, art. 13) Il trattamento dei dati personali chiesti per la registrazione come utente presso l\u2019Istituto Italiano di Cultura di Tokyo sar\u00e0 improntato ai principi di liceit\u00e0, correttezza e trasparenza a tutela dei diritti e [&hellip;]","protected":false},"author":3,"featured_media":0,"parent":41,"menu_order":1,"comment_status":"closed","ping_status":"closed","template":"","meta":{"footnotes":""},"class_list":["post-2285","page","type-page","status-publish","hentry"],"_links":{"self":[{"href":"https:\/\/iictokyo.esteri.it\/it\/wp-json\/wp\/v2\/pages\/2285","targetHints":{"allow":["GET"]}}],"collection":[{"href":"https:\/\/iictokyo.esteri.it\/it\/wp-json\/wp\/v2\/pages"}],"about":[{"href":"https:\/\/iictokyo.esteri.it\/it\/wp-json\/wp\/v2\/types\/page"}],"author":[{"embeddable":true,"href":"https:\/\/iictokyo.esteri.it\/it\/wp-json\/wp\/v2\/users\/3"}],"replies":[{"embeddable":true,"href":"https:\/\/iictokyo.esteri.it\/it\/wp-json\/wp\/v2\/comments?post=2285"}],"version-history":[{"count":1,"href":"https:\/\/iictokyo.esteri.it\/it\/wp-json\/wp\/v2\/pages\/2285\/revisions"}],"predecessor-version":[{"id":2288,"href":"https:\/\/iictokyo.esteri.it\/it\/wp-json\/wp\/v2\/pages\/2285\/revisions\/2288"}],"up":[{"embeddable":true,"href":"https:\/\/iictokyo.esteri.it\/it\/wp-json\/wp\/v2\/pages\/41"}],"wp:attachment":[{"href":"https:\/\/iictokyo.esteri.it\/it\/wp-json\/wp\/v2\/media?parent=2285"}],"curies":[{"name":"wp","href":"https:\/\/api.w.org\/{rel}","templated":true}]}}