{"id":232,"date":"2023-06-01T13:08:36","date_gmt":"2023-06-01T04:08:36","guid":{"rendered":"https:\/\/iictokyo.esteri.it\/?page_id=232"},"modified":"2026-01-05T14:19:31","modified_gmt":"2026-01-05T05:19:31","slug":"premio-fosco-maraini","status":"publish","type":"page","link":"https:\/\/iictokyo.esteri.it\/it\/lingua-e-cultura\/biblioteca\/premio-fosco-maraini\/","title":{"rendered":"Premio Fosco Maraini"},"content":{"rendered":"<div>\n<h5><strong>Annuncio dell&#8217;opera vincitrice della Sesta edizione del Premio Fosco Maraini (aggiornato il 17 maggio 2024)<\/strong><\/h5>\n<p>Fosco Maraini\uff081912-2004\uff09 rappresenta una figura di nipponista unica per vastit\u00e0 di interessi: \u00e8 stato etnologo, fotografo, alpinista, poeta, saggista, ma soprattutto \u00e8 stato un grande intermediario tra i due Paesi. Il Premio, istituito nel 2013 e a lui dedicato, si propone di accrescere la conoscenza e la diffusione della cultura italiana in Giappone. Questo premio riprende la tradizione del Premio Marco Polo, assegnato dal 1978 al 2007. (Per vedere le opere premiate nelle passate edizioni, consultare il <a href=\"https:\/\/iictokyo.esteri.it\/wp-content\/uploads\/2025\/10\/Marco_Pico_Vincitori-1.pdf\"><span style=\"text-decoration: underline;\">PDF<\/span><\/a>).<\/p>\n<p>Il 6 maggio, la giuria composta da Kamenaga Y\u014dko, Kotani Masao, Fujiu Ky\u014dko, Maeda Ky\u014dji e presieduta da Osano Shigetoshi, ha selezionato per questa sesta edizione del premio la seguente opera:<\/p>\n<p><em>Artemisia Gentileschi in Naples <\/em>(Kawai Makiko, K\u014dy\u014d shob\u014d, febbraio 2023)<\/p>\n<p>La cerimonia di premiazione si terr\u00e0 mercoled\u00ec 12 giugno alle ore 18.30 presso l\u2019Auditorium dell\u2019Istituto. Quest\u2019anno avremo il piacere di avere come ospite Dacia Maraini.<\/p>\n<\/div>\n<p>&nbsp;<\/p>\n<div>\n<h5><strong>Opere vincitrici<\/strong><\/h5>\n<p>Prima edizione (2013)<\/p>\n<p>\u201cStrati di immagini: miracoli, doppi e profezie nell\u2019iconografia rinascimentale\u201d (Mizuno Chiyori, The University of Nagoya Press, 2011)<\/p>\n<p>Seconda edizione (2015)<\/p>\n<p>\u201cAl di l\u00e0 del bene comune: societ\u00e0 senese nel tardo Medioevo\u201d (Ikegami Shun&#8217;ichi, The University of Nagoya Press, 2014)<\/p>\n<\/div>\n<p>&nbsp;<\/p>\n<div>\n<p>Terza edizione (2017)<\/p>\n<p>\u201cI petenti. Giustizia e politica nell\u2019Italia comunale\u201d (Nakaya So, The University of Nagoya Press, 2016)<\/p>\n<\/div>\n<div>\n<p>Quarta\u00a0edizione (2019)<\/p>\n<p>&#8220;Leonardo da Vinci, vita e opere&#8221; (Ikegami Hidehiro, Chikuma shob\u014d, 2019)<\/p>\n<p>Quinta edizione (2021)<\/p>\n<p>&#8220;Reincarnating Icons: Painting, Politics, and Religious Conflicts in Late Renaissance Siena&#8221; (Matsubara Tom\u014d, The University of Nagoya Press, gennaio 2021)<\/p>\n<\/div>\n<hr \/>\n","protected":false},"excerpt":{"rendered":"Annuncio dell&#8217;opera vincitrice della Sesta edizione del Premio Fosco Maraini (aggiornato il 17 maggio 2024) Fosco Maraini\uff081912-2004\uff09 rappresenta una figura di nipponista unica per vastit\u00e0 di interessi: \u00e8 stato etnologo, fotografo, alpinista, poeta, saggista, ma soprattutto \u00e8 stato un grande intermediario tra i due Paesi. Il Premio, istituito nel 2013 e a lui dedicato, si [&hellip;]","protected":false},"author":3,"featured_media":0,"parent":46,"menu_order":2,"comment_status":"closed","ping_status":"closed","template":"","meta":{"footnotes":""},"class_list":["post-232","page","type-page","status-publish","hentry"],"_links":{"self":[{"href":"https:\/\/iictokyo.esteri.it\/it\/wp-json\/wp\/v2\/pages\/232","targetHints":{"allow":["GET"]}}],"collection":[{"href":"https:\/\/iictokyo.esteri.it\/it\/wp-json\/wp\/v2\/pages"}],"about":[{"href":"https:\/\/iictokyo.esteri.it\/it\/wp-json\/wp\/v2\/types\/page"}],"author":[{"embeddable":true,"href":"https:\/\/iictokyo.esteri.it\/it\/wp-json\/wp\/v2\/users\/3"}],"replies":[{"embeddable":true,"href":"https:\/\/iictokyo.esteri.it\/it\/wp-json\/wp\/v2\/comments?post=232"}],"version-history":[{"count":5,"href":"https:\/\/iictokyo.esteri.it\/it\/wp-json\/wp\/v2\/pages\/232\/revisions"}],"predecessor-version":[{"id":8878,"href":"https:\/\/iictokyo.esteri.it\/it\/wp-json\/wp\/v2\/pages\/232\/revisions\/8878"}],"up":[{"embeddable":true,"href":"https:\/\/iictokyo.esteri.it\/it\/wp-json\/wp\/v2\/pages\/46"}],"wp:attachment":[{"href":"https:\/\/iictokyo.esteri.it\/it\/wp-json\/wp\/v2\/media?parent=232"}],"curies":[{"name":"wp","href":"https:\/\/api.w.org\/{rel}","templated":true}]}}