{"id":41,"date":"2023-04-03T20:55:21","date_gmt":"2023-04-03T18:55:21","guid":{"rendered":"https:\/\/istitutobuenosaires.esteri.it\/?page_id=41"},"modified":"2026-01-08T10:06:34","modified_gmt":"2026-01-08T01:06:34","slug":"contatti","status":"publish","type":"page","link":"https:\/\/iictokyo.esteri.it\/it\/chi-siamo\/contatti\/","title":{"rendered":"Contatti"},"content":{"rendered":"<h5 class=\"titoloCategoria\"><span class=\"titoloRosso\">Istituto Italiano di Cultura di Tokyo<\/span><\/h5>\n<p>2-1-30 Kudan Minami, Chiyoda-ku, Tokyo 102-0074<br \/>\nTel: +81-(0)3-3264-6011<br \/>\nFax: +81-(0)3-3262-4510<br \/>\nE-mail:\u00a0<a href=\"mailto:iictokyo@esteri.it\">iictokyo@esteri.it<\/a><\/p>\n<p>&nbsp;<\/p>\n<h5><strong>Newsletter<br \/>\n<\/strong><\/h5>\n<p>Per iscriversi alla newsletter, cliccare <a href=\"https:\/\/f52eaa93.sibforms.com\/serve\/MUIFAM6vgkNjAgaTNbuUOwWiclc1NC-h4XlsiBlZQ59irX7vfO84XSoos7S625KnPh_L6ZQg3SVPePXrjUhKtAcF2F_TZGeQkeUJzZ4pb9p7fVsZgMLLwgJ9DqJr_-9sEKkCZ2u89WAr3BHaRE_3w4BTD_Wrc6yiiuUsBFakckGG3obwqHvwLUZc3ixCbQAzqdvqoufdVIwSPnjp\"><span style=\"text-decoration: underline;\"><strong>QUI<\/strong><\/span><\/a>.<\/p>\n<p>&nbsp;<\/p>\n<h5><strong>Per chi desidera inviare una proposta culturale (mostra, concerto, conferenza ecc.)<\/strong><\/h5>\n<p>Valutiamo con attenzione tutte le proposte che riceviamo.<br \/>\nLa proposta ideale comprende una descrizione breve e chiara, una lista delle richieste logistiche e un prospetto di massima dei costi.<br \/>\nNon \u00e8 gradito l\u2019invio di allegati di grandi dimensioni.<\/p>\n<p>A causa dell\u2019elevato numero di proposte che riceviamo, non ci \u00e8 possibile n\u00e9 rispondere individualmente n\u00e9 fornire aggiornamenti al telefono o via mail.\u00a0Alle proposte ritenute interessanti viene dato riscontro, per gli eventuali seguiti, entro 4\/6 settimane.<\/p>\n<p>Grazie!<\/p>\n<p>&nbsp;<\/p>\n<h5><strong>Collaborazioni<\/strong><\/h5>\n<p>Le assunzioni in Istituto avvengono esclusivamente tramite concorso pubblico. I concorsi vengono pubblicizzati nella sezione notizie del sito e sui nostri social.<br \/>\nNon possiamo purtroppo accettare candidature spontanee.<\/p>\n<p>&nbsp;<\/p>\n<h5><span class=\"titoloRosso\"><strong>Per informazioni telefoniche<\/strong><\/span><\/h5>\n<p><strong><span class=\"titoloRosso\">Uffici\u00a0<\/span><\/strong><\/p>\n<ul>\n<li>dal luned\u00ec al venerd\u00ec: 10:00-13:00 \/ 14:00-18:00<\/li>\n<\/ul>\n<p><strong><span class=\"titoloCategoria\">Segreteria dei corsi<\/span><\/strong><\/p>\n<p>Al momento la segreteria \u00e8 contattabile solo tramite il form alla pagina:<br \/>\n<a href=\"https:\/\/iictokyo.jp\/contact-us\/\">https:\/\/iictokyo.jp\/contact-us\/<\/a><\/p>\n<p><strong><span class=\"titoloCategoria\">Biblioteca<\/span><\/strong><\/p>\n<p>Per informazioni dettagliate consultare <a href=\"https:\/\/iictokyo.esteri.it\/it\/lingua-e-cultura\/biblioteca\/\">la pagina dedicata<\/a>.<\/p>\n<p>&nbsp;<\/p>\n<p><strong>Giorni di chiusura dell&#8217;anno 2026<\/strong><\/p>\n<table class=\"table\" border=\"0\" align=\"left\">\n<tbody>\n<tr>\n<td>1 gennaio<\/td>\n<td>Capodanno<\/td>\n<\/tr>\n<tr>\n<td>11 febbraio<\/td>\n<td>Fondazione del Giappone<\/td>\n<\/tr>\n<tr>\n<td>23 febbraio<\/td>\n<td>Festivit\u00e0 nazionale giapponese, genetliaco di S.M. l&#8217;Imperatore del Giappone<\/td>\n<\/tr>\n<tr>\n<td>6 aprile<\/td>\n<td>Luned\u00ec dell&#8217;Angelo<\/td>\n<\/tr>\n<tr>\n<td>25 aprile<\/td>\n<td>Anniversario della Liberazione<\/td>\n<\/tr>\n<tr>\n<td>1 maggio<\/td>\n<td>Festa del lavoro<\/td>\n<\/tr>\n<tr>\n<td>3 maggio<\/td>\n<td>Commemorazione promulgazione Costituzione Giapponese<\/td>\n<\/tr>\n<tr>\n<td>2 giugno<\/td>\n<td>Festa della Repubblica Italiana<\/td>\n<\/tr>\n<tr>\n<td>15 agosto<\/td>\n<td>Assunzione<\/td>\n<\/tr>\n<tr>\n<td>4 ottobre<\/td>\n<td>Festa Nazionale di San Francesco d\u2019Assisi<\/td>\n<\/tr>\n<tr>\n<td>25 dicembre<\/td>\n<td>Natale<\/td>\n<\/tr>\n<tr>\n<td>26 dicembre<\/td>\n<td>Santo Stefano<\/td>\n<\/tr>\n<\/tbody>\n<\/table>\n","protected":false},"excerpt":{"rendered":"Istituto Italiano di Cultura di Tokyo 2-1-30 Kudan Minami, Chiyoda-ku, Tokyo 102-0074 Tel: +81-(0)3-3264-6011 Fax: +81-(0)3-3262-4510 E-mail:\u00a0iictokyo@esteri.it &nbsp; Newsletter Per iscriversi alla newsletter, cliccare QUI. &nbsp; Per chi desidera inviare una proposta culturale (mostra, concerto, conferenza ecc.) Valutiamo con attenzione tutte le proposte che riceviamo. La proposta ideale comprende una descrizione breve e chiara, una [&hellip;]","protected":false},"author":1,"featured_media":0,"parent":15,"menu_order":4,"comment_status":"closed","ping_status":"closed","template":"","meta":{"footnotes":""},"class_list":["post-41","page","type-page","status-publish","hentry"],"_links":{"self":[{"href":"https:\/\/iictokyo.esteri.it\/it\/wp-json\/wp\/v2\/pages\/41","targetHints":{"allow":["GET"]}}],"collection":[{"href":"https:\/\/iictokyo.esteri.it\/it\/wp-json\/wp\/v2\/pages"}],"about":[{"href":"https:\/\/iictokyo.esteri.it\/it\/wp-json\/wp\/v2\/types\/page"}],"author":[{"embeddable":true,"href":"https:\/\/iictokyo.esteri.it\/it\/wp-json\/wp\/v2\/users\/1"}],"replies":[{"embeddable":true,"href":"https:\/\/iictokyo.esteri.it\/it\/wp-json\/wp\/v2\/comments?post=41"}],"version-history":[{"count":7,"href":"https:\/\/iictokyo.esteri.it\/it\/wp-json\/wp\/v2\/pages\/41\/revisions"}],"predecessor-version":[{"id":8895,"href":"https:\/\/iictokyo.esteri.it\/it\/wp-json\/wp\/v2\/pages\/41\/revisions\/8895"}],"up":[{"embeddable":true,"href":"https:\/\/iictokyo.esteri.it\/it\/wp-json\/wp\/v2\/pages\/15"}],"wp:attachment":[{"href":"https:\/\/iictokyo.esteri.it\/it\/wp-json\/wp\/v2\/media?parent=41"}],"curies":[{"name":"wp","href":"https:\/\/api.w.org\/{rel}","templated":true}]}}