{"id":43,"date":"2023-04-03T20:55:55","date_gmt":"2023-04-03T18:55:55","guid":{"rendered":"https:\/\/istitutobuenosaires.esteri.it\/?page_id=43"},"modified":"2026-03-20T10:00:23","modified_gmt":"2026-03-20T01:00:23","slug":"borse-di-studio","status":"publish","type":"page","link":"https:\/\/iictokyo.esteri.it\/it\/lingua-e-cultura\/borse-di-studio\/","title":{"rendered":"Borse di studio"},"content":{"rendered":"<p><span style=\"text-decoration: underline;\"><strong>Borse di studio del Governo italiano &#8211; a.a. 2026-2027<\/strong><\/span><\/p>\n<p>\u00c8 stato pubblicato sul portale istituzionale del Ministero degli Affari Esteri e della Cooperazione Internazionale il nuovo bando per le borse di studio offerte dallo Stato italiano a studenti stranieri che, per l\u2019anno accademico 2026-2027, intendano seguire corsi o svolgere attivit\u00e0 di ricerca presso Universit\u00e0 o Istituti superiori italiani. La decorrenza delle borse \u00e8 a partire dal 1\u00b0 novembre 2026 per le borse con durata di nove (9) mesi e a partire dal 1\u00b0 gennaio 2027 per le borse con durata di tre (3) mesi.<\/p>\n<p>La scadenza per la presentazione delle domande \u00e8 fissata per il <strong>26 marzo 2026 (22:00, ora giapponese)<\/strong>.<\/p>\n<p><a href=\"https:\/\/studyinitaly.esteri.it\/ListaBandi\"><strong>Leggi il bando<\/strong><\/a><\/p>\n<p><u>N.B.<\/u>: per i corsi di Laurea magistrale che prevedono accordi tra universit\u00e0 italiane e universit\u00e0 all\u2019estero (a titolo meramente esemplificativo Joint degree, Double degree, ecc.) i candidati sono invitati a fare le opportune verifiche in merito alla possibilit\u00e0 di risultare effettivamente iscritti presso l\u2019istituzione italiana con regolare certificato d\u2019immatricolazione e iscrizione nell\u2019a.a. 2026-2027, poich\u00e9 tale certificato \u00e8 condizione indispensabile per l\u2019erogazione della borsa.<\/p>\n<p><u>N.B.<\/u>: Si raccomanda fortemente di non aspettare gli ultimi giorni per presentare la domanda. Eventuali rallentamenti del portale dovuti all\u2019elevato volume di traffico non saranno ritenuti giustificazioni valide per il mancato invio della candidatura.<\/p>\n<p>Per informazioni: <a href=\"mailto:iscrizioni.iictokyo@esteri.it\">iscrizioni.iictokyo@esteri.it<\/a><\/p>\n<p>*******************************************************************************************************************<\/p>\n<p class=\"entry-title h3\"><strong>Borse di studio Universit\u00e0 \u201cG. d\u2019Annunzio\u201d di Chieti-Pescara<\/strong><\/p>\n<p>L\u2019Universit\u00e0 \u201cG. d\u2019Annunzio\u201d di Chieti-Pescara ha pubblicato un bando per <strong>15 borse di studio rivolte a studenti internazionali<\/strong>.<br \/>\nTutte le informazioni sono pubblicate sul Bando presente in questa <a href=\"https:\/\/www.unich.it\/international\/international-students\/call-application\">pagina web<\/a>.<\/p>\n<p>La scadenza del bando \u00e8 fissata per <strong>il 20 aprile 2026 alle ore 23:59 (ora di Roma).<\/strong><\/p>\n<p>*******************************************************************************************************************<\/p>\n<p><span style=\"text-decoration: underline;\"><strong>Borse di studio Universit\u00e0 di Verona<\/strong><\/span><\/p>\n<p>L\u2019Universit\u00e0 di Verona ha aperto la raccolta di richieste di pre-ammissione e di candidature per l\u2019assegnazione di <strong>n. 15 borse di studio e n. 48 contributi studenteschi agevolati<\/strong> (flat rate) destinati a studentesse e studenti in possesso di titolo conseguito all\u2019estero, di cittadinanza non italiana (salvo casi di doppia cittadinanza) e non gi\u00e0 residenti in Italia immatricolande\/i per l\u2019a.a. 2026\/2027 a corsi di Laurea magistrale internazionali.<\/p>\n<p>Tutte le informazioni sono pubblicate sul Bando (in lingua italiana e inglese) presente in questa <a href=\"https:\/\/www.univr.it\/en\/job-vacancies\/studenti-e-laureati\/international-degree-seeking-students\/0\/15723\">pagina web<\/a>.<\/p>\n<p>La scadenza del bando \u00e8 fissata per <strong>il 31 marzo 2026 alle 15.00 (ora di Roma).<\/strong><\/p>\n<p>*******************************************************************************************************************<\/p>\n<p><span style=\"text-decoration: underline;\"><strong>Borsa di studio Universit\u00e0 Ca&#8217; Foscari di Venezia<\/strong><\/span><\/p>\n<p>L\u2019Universit\u00e0 Ca&#8217; Foscari di Venezia ha pubblicato un bando di borse di studio per l\u2019anno accademico 2026-2027 rivolte a studenti internazionali d&#8217;eccellenza che intendano immatricolarsi a corsi di laurea triennale o magistrale (sia in lingua italiana che inglese). In particolare, l&#8217;offerta prevede:<\/p>\n<ul>\n<li>8 borse di studio per studentesse e studenti di laurea triennale da 10.000 Euro l&#8217;anno per la durata di tre anni;<\/li>\n<li>20 borse di studio per studentesse e studenti di laurea magistrale da 10.000 Euro l&#8217;anno per la durata di due anni.<\/li>\n<\/ul>\n<p>Tutte le informazioni dettagliate e il bando ufficiale, oltre alla descrizione dell&#8217;iniziativa in lingua inglese, sono disponibili alla pagina: <a href=\"https:\/\/www.unive.it\/pag\/19545\">https:\/\/www.unive.it\/pag\/19545\u00a0<\/a><\/p>\n<p>La scadenza del bando \u00e8 fissata per <strong>il 31 marzo 2026 alle 13.00 (ora di Roma).<\/strong><\/p>\n<p>*******************************************************************************************************************<\/p>\n<p><span style=\"text-decoration: underline;\"><strong>Borsa di studio Universit\u00e0 Keio &#8211; a.a. 2026-2027<\/strong><\/span><\/p>\n<p>Si comunica che \u00e8 stato pubblicato il bando per una borsa di studio offerta dall\u2019Universit\u00e0 Keio per l\u2019a.a. 2026\/2027 in base all\u2019accordo fra l\u2019Istituto Italiano di Cultura di Tokyo e l\u2019Universit\u00e0 Keio. La scadenza per la presentazione delle domande \u00e8 fissata per il 30 marzo 2026 (23:59, ora giapponese).<\/p>\n<p><a href=\"https:\/\/iictokyo.esteri.it\/wp-content\/uploads\/2026\/02\/Bando-2026-2027.pdf\"><span style=\"text-decoration: underline;\"><strong>Leggi il bando<\/strong><\/span><\/a><\/p>\n<div class=\"entry-content\">\n<div class=\"entry-content\">\n<p>&nbsp;<\/p>\n<\/div>\n<\/div>\n<p>&nbsp;<\/p>\n<p>&nbsp;<\/p>\n","protected":false},"excerpt":{"rendered":"Borse di studio del Governo italiano &#8211; a.a. 2026-2027 \u00c8 stato pubblicato sul portale istituzionale del Ministero degli Affari Esteri e della Cooperazione Internazionale il nuovo bando per le borse di studio offerte dallo Stato italiano a studenti stranieri che, per l\u2019anno accademico 2026-2027, intendano seguire corsi o svolgere attivit\u00e0 di ricerca presso Universit\u00e0 o [&hellip;]","protected":false},"author":1,"featured_media":0,"parent":16,"menu_order":2,"comment_status":"closed","ping_status":"closed","template":"","meta":{"footnotes":""},"class_list":["post-43","page","type-page","status-publish","hentry"],"_links":{"self":[{"href":"https:\/\/iictokyo.esteri.it\/it\/wp-json\/wp\/v2\/pages\/43","targetHints":{"allow":["GET"]}}],"collection":[{"href":"https:\/\/iictokyo.esteri.it\/it\/wp-json\/wp\/v2\/pages"}],"about":[{"href":"https:\/\/iictokyo.esteri.it\/it\/wp-json\/wp\/v2\/types\/page"}],"author":[{"embeddable":true,"href":"https:\/\/iictokyo.esteri.it\/it\/wp-json\/wp\/v2\/users\/1"}],"replies":[{"embeddable":true,"href":"https:\/\/iictokyo.esteri.it\/it\/wp-json\/wp\/v2\/comments?post=43"}],"version-history":[{"count":7,"href":"https:\/\/iictokyo.esteri.it\/it\/wp-json\/wp\/v2\/pages\/43\/revisions"}],"predecessor-version":[{"id":9847,"href":"https:\/\/iictokyo.esteri.it\/it\/wp-json\/wp\/v2\/pages\/43\/revisions\/9847"}],"up":[{"embeddable":true,"href":"https:\/\/iictokyo.esteri.it\/it\/wp-json\/wp\/v2\/pages\/16"}],"wp:attachment":[{"href":"https:\/\/iictokyo.esteri.it\/it\/wp-json\/wp\/v2\/media?parent=43"}],"curies":[{"name":"wp","href":"https:\/\/api.w.org\/{rel}","templated":true}]}}