{"id":44,"date":"2023-04-03T20:56:11","date_gmt":"2023-04-03T18:56:11","guid":{"rendered":"https:\/\/istitutobuenosaires.esteri.it\/?page_id=44"},"modified":"2023-06-01T12:26:10","modified_gmt":"2023-06-01T03:26:10","slug":"certificazioni","status":"publish","type":"page","link":"https:\/\/iictokyo.esteri.it\/it\/lingua-e-cultura\/certificazioni\/","title":{"rendered":"Certificazioni"},"content":{"rendered":"<h5><strong>Certificazione ufficiale dell&#8217;italiano come lingua straniera<\/strong><\/h5>\n<p>Le Certificazioni ufficiali di Italiano sono\u00a0titoli che dichiarano il grado di competenza comunicativa in italiano come lingua straniera. I destinatari sono tutti i cittadini stranieri, i cittadini italiani residenti all&#8217;estero (discendenti di emigrati italiani) e gli immigrati stranieri in Italia.<\/p>\n<p>CLIQ \u00e8 il nuovo sistema di certificazione unificato promosso e convalidato dal Ministero degli Affari Esteri italiano che garantisce l\u2019equipollenza dei certificati rilasciati dai quattro Enti certificatori:<\/p>\n<ul>\n<li>Universit\u00e0 per stranieri di Perugia (CELI)<\/li>\n<li>Universit\u00e0 per stranieri di Siena (CILS)<\/li>\n<li>Universit\u00f2 degli Studi Roma Tre (Certificazione Italiano)<\/li>\n<li>Societ\u00e0 Dante Alighieri (PLIDA)<\/li>\n<\/ul>\n<p>Grazie all\u2019accordo stipulato il 14 giugno 2012 tra il Ministero degli Affari esteri e l\u2019Associazione CLIQ \u2013 formata dai quattro Enti certificatori &#8211; la certificazione diventa controllata, condivisa, e rigorosamente rispettosa degli standard scientifici fissati dal Consiglio d\u2019Europa nel Quadro comune europeo di riferimento.<\/p>\n<p>Per gli studenti di lingua italiana che ambiscono a ottenere una certificazione che attesti la competenza linguistica che hanno raggiunto, ora tutto diventa pi\u00f9 semplice. Si pu\u00f2 scegliere una delle quattro opzioni di esame \u2013 CELI, CILS, Certificazione Italiano, PLIDA \u2013 e si otterr\u00e0 una certificazione accettata dagli altri Enti, nonch\u00e9 riconosciuta in tutta Europa e internazionalmente proprio per la sua alta qualit\u00e0.<\/p>\n<p>Certificare il tuo italiano ti conviene: forse ne hai bisogno per motivi di studio o di lavoro o forse, semplicemente, vorresti essere sicuro del tuo livello. Ora hai una ragione in pi\u00f9 per seguire un corso di preparazione e prendere la via della certificazione, come avviene per tutte le lingue importanti. \u00c8 sempre una grande soddisfazione poter attestare ufficialmente la tua conoscenza linguistica.<\/p>\n<p>Per ulteriori informazioni, si prega di consultare <a href=\"https:\/\/iictokyo.jp\/italian-proficiency-test\/\">questa pagina<\/a> (in lingua giapponese).<\/p>\n","protected":false},"excerpt":{"rendered":"Certificazione ufficiale dell&#8217;italiano come lingua straniera Le Certificazioni ufficiali di Italiano sono\u00a0titoli che dichiarano il grado di competenza comunicativa in italiano come lingua straniera. I destinatari sono tutti i cittadini stranieri, i cittadini italiani residenti all&#8217;estero (discendenti di emigrati italiani) e gli immigrati stranieri in Italia. CLIQ \u00e8 il nuovo sistema di certificazione unificato promosso [&hellip;]","protected":false},"author":1,"featured_media":0,"parent":16,"menu_order":4,"comment_status":"closed","ping_status":"closed","template":"","meta":{"footnotes":""},"class_list":["post-44","page","type-page","status-publish","hentry"],"_links":{"self":[{"href":"https:\/\/iictokyo.esteri.it\/it\/wp-json\/wp\/v2\/pages\/44","targetHints":{"allow":["GET"]}}],"collection":[{"href":"https:\/\/iictokyo.esteri.it\/it\/wp-json\/wp\/v2\/pages"}],"about":[{"href":"https:\/\/iictokyo.esteri.it\/it\/wp-json\/wp\/v2\/types\/page"}],"author":[{"embeddable":true,"href":"https:\/\/iictokyo.esteri.it\/it\/wp-json\/wp\/v2\/users\/1"}],"replies":[{"embeddable":true,"href":"https:\/\/iictokyo.esteri.it\/it\/wp-json\/wp\/v2\/comments?post=44"}],"version-history":[{"count":3,"href":"https:\/\/iictokyo.esteri.it\/it\/wp-json\/wp\/v2\/pages\/44\/revisions"}],"predecessor-version":[{"id":223,"href":"https:\/\/iictokyo.esteri.it\/it\/wp-json\/wp\/v2\/pages\/44\/revisions\/223"}],"up":[{"embeddable":true,"href":"https:\/\/iictokyo.esteri.it\/it\/wp-json\/wp\/v2\/pages\/16"}],"wp:attachment":[{"href":"https:\/\/iictokyo.esteri.it\/it\/wp-json\/wp\/v2\/media?parent=44"}],"curies":[{"name":"wp","href":"https:\/\/api.w.org\/{rel}","templated":true}]}}