{"id":6933,"date":"2025-07-10T16:59:26","date_gmt":"2025-07-10T07:59:26","guid":{"rendered":"https:\/\/iictokyo.esteri.it\/?page_id=6933"},"modified":"2025-07-11T10:00:27","modified_gmt":"2025-07-11T01:00:27","slug":"sponsorizzazioni","status":"publish","type":"page","link":"https:\/\/iictokyo.esteri.it\/it\/amministrazione-trasparente\/sponsorizzazioni\/","title":{"rendered":"Sponsorizzazioni"},"content":{"rendered":"<p class=\"entry-title h3\"><strong>Invito a presentare manifestazioni di interesse per collaborazioni e\/o sponsorizzazioni in occasione di eventi promossi dall\u2019Istituto<\/strong><\/p>\n<div class=\"entry-content\">\n<p>Nell\u2019ambito delle attivit\u00e0 di promozione legate alla propria missione istituzionale, l\u2019Istituto Italiano di Cultura di Tokyo realizza, nel corso dell\u2019anno, molteplici eventi di elevato profilo: artistico-culturali, promozionali e divulgativi. A tale scopo, questo Istituto pu\u00f2 avvalersi della sponsorizzazione da parte di soggetti pubblici o privati interessati. Per \u201csponsorizzazione\u201d si intende ogni contributo in denaro, beni, servizi, prestazioni o interventi provenienti da terzi, con scopo promozionale, per conseguire un beneficio di immagine. I soggetti interessati a essere contattati per collaborare con questo Istituto possono inviare un messaggio di posta elettronica all\u2019indirizzo <a href=\"mailto:iictokyo@esteri.it\">iictokyo@esteri.it<\/a>. La manifestazione di interesse dovr\u00e0 riportare ogni elemento utile per identificare il soggetto, con specifica indicazione del settore di attivit\u00e0 di competenza. II messaggio dovr\u00e0 avere per oggetto \u201cManifestazione di Interesse per Sponsorizzazione\u201d e includere i seguenti documenti, compilati e firmati:<\/p>\n<ul>\n<li><a href=\"https:\/\/iictokyo.esteri.it\/wp-content\/uploads\/2025\/07\/Modulo-manifestazione-di-interesse-per-sponsorizzazioni.docx\">Modulo manifestazione di interesse per sponsorizzazioni<\/a><\/li>\n<li><a href=\"https:\/\/iictokyo.esteri.it\/wp-content\/uploads\/2025\/07\/Dichiarazione-sostitutiva.docx\">Dichiarazione sostitutiva<\/a><\/li>\n<li><a href=\"https:\/\/iictokyo.esteri.it\/wp-content\/uploads\/2025\/07\/Dichiarazione-sulla-protezione-dei-dati-personali.docx\">Dichiarazione sulla protezione dei dati personali<\/a><\/li>\n<\/ul>\n<p>La presente comunicazione non impegna in alcuno modo l\u2019Istituto, che si riserva di contattare gli interessati in occasione della programmazione degli eventi. In caso di manifestazione di interesse ritenuta meritevole di approfondimento, i soggetti verranno pertanto contattati con apposita comunicazione.<\/p>\n<p>Allo sponsor \u00e8 richiesto, quale requisito necessario, di non incorrere nei motivi di esclusione dalla procedura di sponsorizzazione, sanciti dagli artt. 94-95 del decreto legislativo n. 36\/2023. L\u2019Istituto potr\u00e0 consentire la presenza di pi\u00f9 sponsor per il finanziamento di ciascuna iniziativa. Nessuno tra gli sponsor potr\u00e0 rivendicare l\u2019esclusiva per le singole iniziative oggetto di sponsorizzazione.<\/p>\n<p>Si precisa infine che, in ottemperanza al Codice di comportamento del Ministero degli Affari Esteri e della Cooperazione Internazionale, l\u2019Istituto non pu\u00f2 accogliere le proposte di soggetti le cui attivit\u00e0 possano costituire fonte di conflitti di interesse, pregiudizio o danno all\u2019immagine \u2013 anche potenziali \u2013 alle attivit\u00e0 istituzionali o che possano rivelarsi contrarie ai principi generali dell\u2019ordinamento.<\/p>\n<\/div>\n<p>&nbsp;<\/p>\n","protected":false},"excerpt":{"rendered":"Invito a presentare manifestazioni di interesse per collaborazioni e\/o sponsorizzazioni in occasione di eventi promossi dall\u2019Istituto Nell\u2019ambito delle attivit\u00e0 di promozione legate alla propria missione istituzionale, l\u2019Istituto Italiano di Cultura di Tokyo realizza, nel corso dell\u2019anno, molteplici eventi di elevato profilo: artistico-culturali, promozionali e divulgativi. A tale scopo, questo Istituto pu\u00f2 avvalersi della sponsorizzazione da [&hellip;]","protected":false},"author":1,"featured_media":0,"parent":23,"menu_order":10,"comment_status":"closed","ping_status":"closed","template":"","meta":{"footnotes":""},"class_list":["post-6933","page","type-page","status-publish","hentry"],"_links":{"self":[{"href":"https:\/\/iictokyo.esteri.it\/it\/wp-json\/wp\/v2\/pages\/6933","targetHints":{"allow":["GET"]}}],"collection":[{"href":"https:\/\/iictokyo.esteri.it\/it\/wp-json\/wp\/v2\/pages"}],"about":[{"href":"https:\/\/iictokyo.esteri.it\/it\/wp-json\/wp\/v2\/types\/page"}],"author":[{"embeddable":true,"href":"https:\/\/iictokyo.esteri.it\/it\/wp-json\/wp\/v2\/users\/1"}],"replies":[{"embeddable":true,"href":"https:\/\/iictokyo.esteri.it\/it\/wp-json\/wp\/v2\/comments?post=6933"}],"version-history":[{"count":2,"href":"https:\/\/iictokyo.esteri.it\/it\/wp-json\/wp\/v2\/pages\/6933\/revisions"}],"predecessor-version":[{"id":6937,"href":"https:\/\/iictokyo.esteri.it\/it\/wp-json\/wp\/v2\/pages\/6933\/revisions\/6937"}],"up":[{"embeddable":true,"href":"https:\/\/iictokyo.esteri.it\/it\/wp-json\/wp\/v2\/pages\/23"}],"wp:attachment":[{"href":"https:\/\/iictokyo.esteri.it\/it\/wp-json\/wp\/v2\/media?parent=6933"}],"curies":[{"name":"wp","href":"https:\/\/api.w.org\/{rel}","templated":true}]}}